{"id":17,"date":"2025-11-06T14:06:30","date_gmt":"2025-11-06T14:06:30","guid":{"rendered":"https:\/\/breakdance.vizia-lab.eu\/?page_id=17"},"modified":"2025-11-11T09:30:05","modified_gmt":"2025-11-11T09:30:05","slug":"domov","status":"publish","type":"page","link":"https:\/\/breakdance.vizia-lab.eu\/?page_id=17","title":{"rendered":"Domov"},"content":{"rendered":"<section class=\"bde-section-17-100 bde-section\">\n  \n  \n\t\n\n\n\n<div class=\"section-container\"><div class=\"bde-div-17-101 bde-div\">\n  \n  \n\t\n\n\n\n<div class=\"bde-columns-17-102 bde-columns\"><div class=\"bde-column-17-103 bde-column\">\n  \n  \n\t\n\n\n\n\n<\/div><div class=\"bde-column-17-104 bde-column\">\n  \n  \n\t\n\n\n\n<div class=\"bde-text-17-110 bde-text\">\nVisArt\n<\/div><h1 class=\"bde-heading-17-105 bde-heading\">\nVa\u0161a Zgodba. <br>Na\u0161 Dizajn.\n<\/h1><div class=\"bde-text-17-106 bde-text\">\nSkupaj ustvarjamo znamke, ki pustijo vtis.\n<\/div>\n<\/div><\/div><div class=\"bde-div-17-107 bde-div\">\n  \n  \n\t\n\n\n\n<div class=\"bde-fancy-divider-17-111 bde-fancy-divider\">\n\n\n<div class=\"bde-fancy-divider__wrapper\">\n  <div class=\"bde-fancy-divider__separator   \">\n  \t  <\/div>\n<\/div>\n\n<\/div>\n<\/div><div class=\"bde-div-17-108 bde-div\">\n  \n  \n\t\n\n\n\n<div class=\"bde-text-17-109 bde-text\">\nV Visartu zdru\u017eujemo strategijo, oblikovanje in digitalno izvedbo, <br>da ideje postanejo izku\u0161nje. Smo kreativna ekipa, ki razume posel <br>in za\u010duti vsako blagovno znamko, kot da je na\u0161a.\n<\/div>\n<\/div>\n<\/div><\/div>\n<\/section><section class=\"bde-section-17-113 bde-section\">\n  \n  \n\t\n\n\n\n<div class=\"section-container\"><div class=\"bde-advancedslider-17-115 bde-advancedslider\">\n<div class=\"breakdance-swiper-wrapper\" data-swiper-id=\"115\">\n  <div class=\"swiper\">\n    <div class=\"swiper-wrapper\">\n      <div class=\"bde-advancedslide-17-116 bde-advancedslide swiper-slide\"><div class=\"advanced-slider__slide\">\r\n  <img decoding=\"async\" class=\"bde-image2-17-126 bde-image2\" src=\"https:\/\/breakdance.vizia-lab.eu\/wp-content\/uploads\/2025\/11\/GO-ST_katalog-in-ovitek-scaled-1.jpg\" loading=\"lazy\" srcset=\"https:\/\/breakdance.vizia-lab.eu\/wp-content\/uploads\/2025\/11\/GO-ST_katalog-in-ovitek-scaled-1.jpg 2560w, https:\/\/breakdance.vizia-lab.eu\/wp-content\/uploads\/2025\/11\/GO-ST_katalog-in-ovitek-scaled-1-300x223.jpg 300w, https:\/\/breakdance.vizia-lab.eu\/wp-content\/uploads\/2025\/11\/GO-ST_katalog-in-ovitek-scaled-1-1024x761.jpg 1024w, https:\/\/breakdance.vizia-lab.eu\/wp-content\/uploads\/2025\/11\/GO-ST_katalog-in-ovitek-scaled-1-768x571.jpg 768w, https:\/\/breakdance.vizia-lab.eu\/wp-content\/uploads\/2025\/11\/GO-ST_katalog-in-ovitek-scaled-1-1536x1142.jpg 1536w, https:\/\/breakdance.vizia-lab.eu\/wp-content\/uploads\/2025\/11\/GO-ST_katalog-in-ovitek-scaled-1-2048x1522.jpg 2048w\" sizes=\"(max-width: 2560px) 100vw, 2560px\">\r\n<\/div><\/div><div class=\"bde-advancedslide-17-129 bde-advancedslide swiper-slide\"><div class=\"advanced-slider__slide\">\r\n  <img decoding=\"async\" class=\"bde-image2-17-130 bde-image2\" src=\"https:\/\/breakdance.vizia-lab.eu\/wp-content\/uploads\/2025\/11\/dopis_vizitka_amerikanka-400x284-1.jpg\" loading=\"lazy\" srcset=\"https:\/\/breakdance.vizia-lab.eu\/wp-content\/uploads\/2025\/11\/dopis_vizitka_amerikanka-400x284-1.jpg 400w, https:\/\/breakdance.vizia-lab.eu\/wp-content\/uploads\/2025\/11\/dopis_vizitka_amerikanka-400x284-1-300x213.jpg 300w\" sizes=\"(max-width: 400px) 100vw, 400px\">\r\n<\/div><\/div><div class=\"bde-advancedslide-17-127 bde-advancedslide swiper-slide\"><div class=\"advanced-slider__slide\">\r\n  <img decoding=\"async\" class=\"bde-image2-17-128 bde-image2\" src=\"https:\/\/breakdance.vizia-lab.eu\/wp-content\/uploads\/2025\/11\/Vizitka-1-400x284-1.jpg\" loading=\"lazy\" srcset=\"https:\/\/breakdance.vizia-lab.eu\/wp-content\/uploads\/2025\/11\/Vizitka-1-400x284-1.jpg 400w, https:\/\/breakdance.vizia-lab.eu\/wp-content\/uploads\/2025\/11\/Vizitka-1-400x284-1-300x213.jpg 300w\" sizes=\"(max-width: 400px) 100vw, 400px\">\r\n<\/div><\/div><div class=\"bde-advancedslide-17-131 bde-advancedslide swiper-slide\"><div class=\"advanced-slider__slide\">\r\n  <img decoding=\"async\" class=\"bde-image2-17-132 bde-image2\" src=\"https:\/\/breakdance.vizia-lab.eu\/wp-content\/uploads\/2025\/11\/spletna_stran-1-400x284-1.jpg\" loading=\"lazy\" srcset=\"https:\/\/breakdance.vizia-lab.eu\/wp-content\/uploads\/2025\/11\/spletna_stran-1-400x284-1.jpg 400w, https:\/\/breakdance.vizia-lab.eu\/wp-content\/uploads\/2025\/11\/spletna_stran-1-400x284-1-300x213.jpg 300w\" sizes=\"(max-width: 400px) 100vw, 400px\">\r\n<\/div><\/div>\n    <\/div>\n  <\/div>\n\n      \n    \n<\/div>\n\n<\/div><div class=\"bde-advancedslider-17-143 bde-advancedslider\">\n<div class=\"breakdance-swiper-wrapper\" data-swiper-id=\"143\">\n  <div class=\"swiper\">\n    <div class=\"swiper-wrapper\">\n      <div class=\"bde-advancedslide-17-144 bde-advancedslide swiper-slide\"><div class=\"advanced-slider__slide\">\r\n  <img decoding=\"async\" class=\"bde-image2-17-145 bde-image2\" src=\"https:\/\/breakdance.vizia-lab.eu\/wp-content\/uploads\/2025\/11\/Spletna-stran-400x284-1.jpg\" loading=\"lazy\" srcset=\"https:\/\/breakdance.vizia-lab.eu\/wp-content\/uploads\/2025\/11\/Spletna-stran-400x284-1.jpg 400w, https:\/\/breakdance.vizia-lab.eu\/wp-content\/uploads\/2025\/11\/Spletna-stran-400x284-1-300x213.jpg 300w\" sizes=\"(max-width: 400px) 100vw, 400px\">\r\n<\/div><\/div><div class=\"bde-advancedslide-17-146 bde-advancedslide swiper-slide\"><div class=\"advanced-slider__slide\">\r\n  <img decoding=\"async\" class=\"bde-image2-17-147 bde-image2\" src=\"https:\/\/breakdance.vizia-lab.eu\/wp-content\/uploads\/2025\/11\/vizitka_dopis_amerikanka01-4-400x284-1.jpg\" loading=\"lazy\" srcset=\"https:\/\/breakdance.vizia-lab.eu\/wp-content\/uploads\/2025\/11\/vizitka_dopis_amerikanka01-4-400x284-1.jpg 400w, https:\/\/breakdance.vizia-lab.eu\/wp-content\/uploads\/2025\/11\/vizitka_dopis_amerikanka01-4-400x284-1-300x213.jpg 300w\" sizes=\"(max-width: 400px) 100vw, 400px\">\r\n<\/div><\/div><div class=\"bde-advancedslide-17-148 bde-advancedslide swiper-slide\"><div class=\"advanced-slider__slide\">\r\n  <img decoding=\"async\" class=\"bde-image2-17-149 bde-image2\" src=\"https:\/\/breakdance.vizia-lab.eu\/wp-content\/uploads\/2025\/11\/Spletna-stran-3-400x284-1.jpg\" loading=\"lazy\" srcset=\"https:\/\/breakdance.vizia-lab.eu\/wp-content\/uploads\/2025\/11\/Spletna-stran-3-400x284-1.jpg 400w, https:\/\/breakdance.vizia-lab.eu\/wp-content\/uploads\/2025\/11\/Spletna-stran-3-400x284-1-300x213.jpg 300w\" sizes=\"(max-width: 400px) 100vw, 400px\">\r\n<\/div><\/div><div class=\"bde-advancedslide-17-150 bde-advancedslide swiper-slide\"><div class=\"advanced-slider__slide\">\r\n  <img decoding=\"async\" class=\"bde-image2-17-151 bde-image2\" src=\"https:\/\/breakdance.vizia-lab.eu\/wp-content\/uploads\/2025\/11\/Vizitka-400x284-1.jpg\" loading=\"lazy\" srcset=\"https:\/\/breakdance.vizia-lab.eu\/wp-content\/uploads\/2025\/11\/Vizitka-400x284-1.jpg 400w, https:\/\/breakdance.vizia-lab.eu\/wp-content\/uploads\/2025\/11\/Vizitka-400x284-1-300x213.jpg 300w\" sizes=\"(max-width: 400px) 100vw, 400px\">\r\n<\/div><\/div>\n    <\/div>\n  <\/div>\n\n      \n    \n<\/div>\n\n<\/div><\/div>\n<\/section><section class=\"bde-section-17-142 bde-section\">\n  \n  \n\t\n\n\n\n<div class=\"section-container\"><div class=\"bde-button-17-153 bde-button\">\n    \n                        \n                        \n    \n    \n    \n    \n            \n                    \n            \n            \n\n    \n    \n    \n    \n    \n    <a class=\"breakdance-link button-atom button-atom--primary bde-button__button\" href=\"https:\/\/breakdance.vizia-lab.eu\/?page_id=71\" target=\"_self\" data-type=\"url\"  >\n\n    \n        <span class=\"button-atom__text\">Vse Reference<\/span>\n\n        \n        \n                <\/a>\n\n    \n\n\n<\/div><\/div>\n<\/section><section class=\"bde-section-17-154 bde-section\">\n  \n  \n\t\n\n\n\n<div class=\"section-container\"><div class=\"bde-columns-17-155 bde-columns\"><div class=\"bde-column-17-156 bde-column\">\n  \n  \n\t\n\n\n\n<div class=\"bde-columns-17-162 bde-columns\"><div class=\"bde-column-17-163 bde-column\">\n  \n  \n\t\n\n\n\n<img decoding=\"async\" class=\"bde-image2-17-166 bde-image2\" src=\"https:\/\/breakdance.vizia-lab.eu\/wp-content\/uploads\/2025\/11\/marketing_visart3.png\" loading=\"lazy\" sizes=\"(max-width: 94px) 100vw, 94px\">\n<\/div><div class=\"bde-column-17-164 bde-column\">\n  \n  \n\t\n\n\n\n<div class=\"bde-text-17-165 bde-text\">\nDigitalni<br>Marketing\n<\/div>\n<\/div><\/div><div class=\"bde-div-17-167 bde-div\">\n  \n  \n\t\n\n\n\n<div class=\"bde-rich-text-17-168 bde-rich-text breakdance-rich-text-styles\">\n<p>Analiziramo trenutno stanje va\u0161ega podjetja ter pripravimo <strong>u\u010dinkovito marketin\u0161ko strategijo<\/strong>, s katero boste la\u017eje pridobili <strong>nove stranke<\/strong> in <strong>dosegli zastavljene poslovne cilje<\/strong>.<\/p>\n<p><br \/>Za za\u010detek vam popolnoma <strong>brezpla\u010dno pripravimo osnovni pregled<\/strong> va\u0161e prisotnosti na trgu in vam svetujemo, kako izbolj\u0161ati prepoznavnost, komunikacijo s strankami ter pove\u010dati prodajo.\u2028 Na\u0161 cilj je, da skupaj z vami postavimo temelje za <strong>dolgoro\u010dno rast in uspeh va\u0161ega podjetja.<\/strong><\/p>\n<\/div>\n<\/div><div class=\"bde-div-17-169 bde-div\">\n  \n  \n\t\n\n\n\n<div class=\"bde-button-17-171 bde-button\">\n    \n                        \n                        \n    \n    \n    \n    \n            \n                    \n            \n            \n\n    \n    \n    \n    \n    \n    <a class=\"breakdance-link button-atom button-atom--secondary bde-button__button\" href=\"https:\/\/breakdance.vizia-lab.eu\/?page_id=127\" target=\"_self\" data-type=\"url\"  >\n\n    \n        <span class=\"button-atom__text\">Spoznaj ve\u010d<\/span>\n\n        \n        \n                <\/a>\n\n    \n\n\n<\/div>\n<\/div>\n<\/div><\/div><\/div>\n<\/section><section class=\"bde-section-17-222 bde-section\">\n  \n  \n\t\n\n\n\n<div class=\"section-container\"><div class=\"bde-columns-17-284 bde-columns\"><div class=\"bde-column-17-285 bde-column\">\n  \n  \n\t\n\n\n\n<div class=\"bde-text-17-286 bde-text\">\nSpletno <br>ogla\u0161evanje\n<\/div>\n<\/div><div class=\"bde-column-17-287 bde-column\">\n  \n  \n\t\n\n\n\n<img decoding=\"async\" class=\"bde-image2-17-288 bde-image2\" src=\"https:\/\/breakdance.vizia-lab.eu\/wp-content\/uploads\/2025\/11\/splet_visart2.png\" loading=\"lazy\" sizes=\"(max-width: 94px) 100vw, 94px\">\n<\/div><\/div><div class=\"bde-div-17-282 bde-div\">\n  \n  \n\t\n\n\n\n<div class=\"bde-rich-text-17-283 bde-rich-text breakdance-rich-text-styles\">\n<p>Va\u0161a spletna stran je pogosto <strong>prvi stik s potencialnim kupcem<\/strong> \u2013 zato mora narediti dober vtis.\u2028 Na voljo je <strong>24 ur<\/strong> na dan, <strong>7 dni<\/strong> v tednu, in v tem \u010dasu tiho govori o va\u0161em podjetju, vrednotah in ponudbi.<\/p>\n<p><br \/>Pomagamo vam oblikovati spletno stran, ki ni le <strong>estetsko privla\u010dna<\/strong>, ampak tudi <strong>u\u010dinkovita<\/strong> \u2013 zasnovana z jasnim namenom pretvoriti obiskovalce v zadovoljne stranke.\u2028 Z upo\u0161tevanjem sodobnih smernic uporabni\u0161ke izku\u0161nje, vsebinske strategije in tehni\u010dne optimizacije poskrbimo, da va\u0161a spletna stran resni\u010dno dela za vas.<\/p>\n<\/div>\n<\/div><div class=\"bde-div-17-180 bde-div\">\n  \n  \n\t\n\n\n\n<div class=\"bde-button-17-181 bde-button\">\n    \n                        \n                        \n    \n    \n    \n    \n            \n                    \n            \n            \n\n    \n    \n    \n    \n    \n    <a class=\"breakdance-link button-atom button-atom--primary bde-button__button\" href=\"https:\/\/breakdance.vizia-lab.eu\/?page_id=127\" target=\"_self\" data-type=\"url\"  >\n\n    \n        <span class=\"button-atom__text\">Spoznaj ve\u010d<\/span>\n\n        \n        \n                <\/a>\n\n    \n\n\n<\/div>\n<\/div><\/div>\n<\/section><section class=\"bde-section-17-223 bde-section\">\n  \n  \n\t\n\n\n\n<div class=\"section-container\"><div class=\"bde-columns-17-203 bde-columns\"><div class=\"bde-column-17-204 bde-column\">\n  \n  \n\t\n\n\n\n<img decoding=\"async\" class=\"bde-image2-17-205 bde-image2\" src=\"https:\/\/breakdance.vizia-lab.eu\/wp-content\/uploads\/2025\/11\/tisk_visart.png\" loading=\"lazy\" sizes=\"(max-width: 94px) 100vw, 94px\">\n<\/div><div class=\"bde-column-17-206 bde-column\">\n  \n  \n\t\n\n\n\n<div class=\"bde-text-17-207 bde-text\">\nGrafi\u010dno <br>oblikovanje\n<\/div>\n<\/div><\/div><div class=\"bde-div-17-208 bde-div\">\n  \n  \n\t\n\n\n\n<div class=\"bde-rich-text-17-209 bde-rich-text breakdance-rich-text-styles\">\n<p>Oblikujemo<strong> funkcionalne in prepoznavne<\/strong> celostne grafi\u010dne podobe, s katerimi va\u0161e podjetje izstopa.\u2028 Na\u0161a posebnost je oblikovanje predstavitvenih <strong>katalogov<\/strong> in drugih tiskanih materialov, ki pustijo mo\u010dan prvi vtis in navdu\u0161ijo va\u0161e stranke.<\/p>\n<p><br \/>Glavna naloga tiskanih medijev je jasno in u\u010dinkovito sporo\u010danje. Zato poskrbimo, da va\u0161e tiskovine niso le estetsko dovr\u0161ene, ampak tudi vsebinsko<strong> mo\u010dne, sporo\u010dilne in prodajno naravnane<\/strong>.<br \/>Zaupajte nam oblikovanje, s katerim boste dosegli ve\u010d.<\/p>\n<\/div>\n<\/div><div class=\"bde-div-17-210 bde-div\">\n  \n  \n\t\n\n\n\n<div class=\"bde-button-17-211 bde-button\">\n    \n                        \n                        \n    \n    \n    \n    \n            \n                    \n            \n            \n\n    \n    \n    \n    \n    \n    <a class=\"breakdance-link button-atom button-atom--secondary bde-button__button\" href=\"https:\/\/breakdance.vizia-lab.eu\/?page_id=127\" target=\"_self\" data-type=\"url\"  >\n\n    \n        <span class=\"button-atom__text\">Spoznaj ve\u010d<\/span>\n\n        \n        \n                <\/a>\n\n    \n\n\n<\/div>\n<\/div><\/div>\n<\/section><section class=\"bde-section-17-308 bde-section\">\n  \n  \n\t\n\n\n\n<div class=\"section-container\"><div class=\"bde-columns-17-309 bde-columns\"><div class=\"bde-column-17-310 bde-column\">\n  \n  \n\t\n\n\n\n<div class=\"bde-text-17-313 bde-text\">\nVizualna<br>produkcija\n<\/div>\n<\/div><div class=\"bde-column-17-312 bde-column\">\n  \n  \n\t\n\n\n\n<img decoding=\"async\" class=\"bde-image2-17-311 bde-image2\" src=\"https:\/\/breakdance.vizia-lab.eu\/wp-content\/uploads\/2025\/11\/fotografija_visart-1.png\" loading=\"lazy\" sizes=\"(max-width: 94px) 100vw, 94px\">\n<\/div><\/div><div class=\"bde-div-17-314 bde-div\">\n  \n  \n\t\n\n\n\n<div class=\"bde-rich-text-17-315 bde-rich-text breakdance-rich-text-styles\">\n<p><strong>Kakovostna fotografija in videografija<\/strong> sta klju\u010dna elementa <strong>u\u010dinkovite predstavitve<\/strong> va\u0161ega podjetja.\u2028Z na\u0161im lastnim prenosnim fotografskim studijem <strong>dvigujemo nivo<\/strong> va\u0161ih tiskovin in spletnih vsebin, hkrati pa zagotavljamo <strong>nizke stro\u0161ke.<\/strong><\/p>\n<p>Poleg tega vam ponujamo tudi snemanje in obdelavo video vsebin s profesionalno opremo, ki bo va\u0161o zgodbo povedala na najbolj <strong>u\u010dinkovit in vizualno privla\u010den na\u010din.<\/strong><br \/>Z nami boste poskrbeli, da va\u0161e vsebine izstopajo in dose\u017eejo ciljno publiko na najvi\u0161ji mo\u017eni ravni.<\/p>\n<\/div>\n<\/div><div class=\"bde-div-17-316 bde-div\">\n  \n  \n\t\n\n\n\n<div class=\"bde-button-17-317 bde-button\">\n    \n                        \n                        \n    \n    \n    \n    \n            \n                    \n            \n            \n\n    \n    \n    \n    \n    \n    <a class=\"breakdance-link button-atom button-atom--primary bde-button__button\" href=\"https:\/\/breakdance.vizia-lab.eu\/?page_id=127\" target=\"_self\" data-type=\"url\"  >\n\n    \n        <span class=\"button-atom__text\">Spoznaj ve\u010d<\/span>\n\n        \n        \n                <\/a>\n\n    \n\n\n<\/div>\n<\/div><\/div>\n<\/section><section class=\"bde-section-17-318 bde-section\">\n  \n  \n\t\n\n\n\n<div class=\"section-container\"><\/div>\n<\/section>","protected":false},"excerpt":{"rendered":"<p>VisArt Va\u0161a Zgodba. Na\u0161 Dizajn. Skupaj ustvarjamo znamke, ki pustijo vtis. V Visartu zdru\u017eujemo strategijo, oblikovanje in digitalno izvedbo, da ideje postanejo izku\u0161nje. Smo kreativna ekipa, ki razume posel in za\u010duti vsako blagovno znamko, kot da je na\u0161a. Vse Reference DigitalniMarketing Analiziramo trenutno stanje va\u0161ega podjetja ter pripravimo u\u010dinkovito marketin\u0161ko strategijo, s katero boste la\u017eje [&hellip;]<\/p>\n","protected":false},"author":1,"featured_media":0,"parent":0,"menu_order":0,"comment_status":"closed","ping_status":"closed","template":"","meta":{"_acf_changed":false,"_breakdance_hide_in_design_set":false,"_breakdance_tags":"","footnotes":""},"class_list":["post-17","page","type-page","status-publish","hentry"],"acf":[],"_links":{"self":[{"href":"https:\/\/breakdance.vizia-lab.eu\/index.php?rest_route=\/wp\/v2\/pages\/17","targetHints":{"allow":["GET"]}}],"collection":[{"href":"https:\/\/breakdance.vizia-lab.eu\/index.php?rest_route=\/wp\/v2\/pages"}],"about":[{"href":"https:\/\/breakdance.vizia-lab.eu\/index.php?rest_route=\/wp\/v2\/types\/page"}],"author":[{"embeddable":true,"href":"https:\/\/breakdance.vizia-lab.eu\/index.php?rest_route=\/wp\/v2\/users\/1"}],"replies":[{"embeddable":true,"href":"https:\/\/breakdance.vizia-lab.eu\/index.php?rest_route=%2Fwp%2Fv2%2Fcomments&post=17"}],"version-history":[{"count":49,"href":"https:\/\/breakdance.vizia-lab.eu\/index.php?rest_route=\/wp\/v2\/pages\/17\/revisions"}],"predecessor-version":[{"id":153,"href":"https:\/\/breakdance.vizia-lab.eu\/index.php?rest_route=\/wp\/v2\/pages\/17\/revisions\/153"}],"wp:attachment":[{"href":"https:\/\/breakdance.vizia-lab.eu\/index.php?rest_route=%2Fwp%2Fv2%2Fmedia&parent=17"}],"curies":[{"name":"wp","href":"https:\/\/api.w.org\/{rel}","templated":true}]}}